{"id":25994,"date":"2016-11-08T17:29:17","date_gmt":"2016-11-08T17:29:17","guid":{"rendered":"https:\/\/villasdelamarina.com\/terms-and-conditions\/"},"modified":"2024-04-11T18:19:59","modified_gmt":"2024-04-11T18:19:59","slug":"terminos-y-condiciones","status":"publish","type":"page","link":"https:\/\/villasdelamarina.com\/es\/terminos-y-condiciones\/","title":{"rendered":"T\u00e9rminos y condiciones"},"content":{"rendered":"<p>[et_pb_section fb_built=\u00bb1&#8243; custom_padding_last_edited=\u00bbon|desktop\u00bb admin_label=\u00bbsection\u00bb _builder_version=\u00bb4.16&#8243; background_color=\u00bb#ffffff\u00bb background_image=\u00bbhttps:\/\/villasdelamarina.com\/wp-content\/uploads\/2016\/10\/Charcones-header-1400.jpg\u00bb custom_padding_tablet=\u00bb50px|0|50px|0&#8243; custom_padding_phone=\u00bb\u00bb transparent_background=\u00bboff\u00bb padding_mobile=\u00bboff\u00bb make_fullwidth=\u00bboff\u00bb use_custom_width=\u00bboff\u00bb width_unit=\u00bbon\u00bb global_colors_info=\u00bb{}\u00bb][et_pb_row padding_mobile=\u00bbon\u00bb column_padding_mobile=\u00bbon\u00bb admin_label=\u00bbrow\u00bb _builder_version=\u00bb4.16&#8243; background_size=\u00bbinitial\u00bb background_position=\u00bbtop_left\u00bb background_repeat=\u00bbrepeat\u00bb custom_padding=\u00bb150px||150px|\u00bb make_fullwidth=\u00bboff\u00bb use_custom_width=\u00bboff\u00bb width_unit=\u00bbon\u00bb global_colors_info=\u00bb{}\u00bb][et_pb_column type=\u00bb4_4&#8243; _builder_version=\u00bb4.16&#8243; custom_padding=\u00bb|||\u00bb global_colors_info=\u00bb{}\u00bb custom_padding__hover=\u00bb|||\u00bb][et_pb_text _builder_version=\u00bb4.16&#8243; text_text_color=\u00bb#ffffff\u00bb text_font_size=\u00bb72&#8243; text_line_height=\u00bb1.2em\u00bb header_text_color=\u00bb#ffffff\u00bb header_font_size=\u00bb40px\u00bb background_size=\u00bbinitial\u00bb background_position=\u00bbtop_left\u00bb background_repeat=\u00bbrepeat\u00bb text_orientation=\u00bbcenter\u00bb module_alignment=\u00bbcenter\u00bb text_font_size_tablet=\u00bb\u00bb text_font_size_phone=\u00bb42&#8243; text_font_size_last_edited=\u00bbon|phone\u00bb border_style=\u00bbsolid\u00bb global_colors_info=\u00bb{}\u00bb]<\/p>\n<h1>T\u00e9rminos &amp; Condiciones<\/h1>\n<p>[\/et_pb_text][\/et_pb_column][\/et_pb_row][\/et_pb_section][et_pb_section fb_built=\u00bb1&#8243; _builder_version=\u00bb4.16&#8243; global_colors_info=\u00bb{}\u00bb][et_pb_row column_structure=\u00bb1_2,1_2&#8243; _builder_version=\u00bb4.16&#8243; background_size=\u00bbinitial\u00bb background_position=\u00bbtop_left\u00bb background_repeat=\u00bbrepeat\u00bb global_colors_info=\u00bb{}\u00bb][et_pb_column type=\u00bb1_2&#8243; _builder_version=\u00bb4.16&#8243; custom_padding=\u00bb|||\u00bb global_colors_info=\u00bb{}\u00bb custom_padding__hover=\u00bb|||\u00bb][et_pb_text _builder_version=\u00bb4.24.1&#8243; background_size=\u00bbinitial\u00bb background_position=\u00bbtop_left\u00bb background_repeat=\u00bbrepeat\u00bb hover_enabled=\u00bb0&#8243; border_style=\u00bbsolid\u00bb global_colors_info=\u00bb{}\u00bb sticky_enabled=\u00bb0&#8243;]<\/p>\n<h3>\u00a0Precios<\/h3>\n<p>Todos los precios son v\u00e1lidos a la hora de realizar la reserva. Los precios pueden variar dependiendo de la demanda y otros factores pero la tarifa en el momento de realizar la reserva siempre ser\u00e1 v\u00e1lida.<\/p>\n<h3>Pago<\/h3>\n<h5>Tarifa Standard:<\/h5>\n<p>Un dep\u00f3sito del 30% del importe total de tu reserva se requiere en el momento de realizar la misma. Este dep\u00f3sito ser\u00e1 inmediatamente devuelto si cancelas 30 d\u00edas antes de tu llegada.<br \/> El 70% restante ha de ser pagado 30 d\u00edas antes de tu llegada.<\/p>\n<h5>Tarifa no-reembolsable:<\/h5>\n<p>El importe completo de tu reserva ser\u00e1 cobrado en el momento de la reserva. Este importe no se devolver\u00e1 en caso de cancelaci\u00f3n.<\/p>\n<p>[\/et_pb_text][\/et_pb_column][et_pb_column type=\u00bb1_2&#8243; _builder_version=\u00bb4.16&#8243; custom_padding=\u00bb|||\u00bb global_colors_info=\u00bb{}\u00bb custom_padding__hover=\u00bb|||\u00bb][et_pb_text _builder_version=\u00bb4.24.1&#8243; background_size=\u00bbinitial\u00bb background_position=\u00bbtop_left\u00bb background_repeat=\u00bbrepeat\u00bb hover_enabled=\u00bb0&#8243; border_style=\u00bbsolid\u00bb global_colors_info=\u00bb{}\u00bb sticky_enabled=\u00bb0&#8243;]<\/p>\n<h3>Pol\u00edticas de cancelaci\u00f3n<\/h3>\n<h5>Tarifas Standard:<\/h5>\n<p>Si cancelas m\u00e1s de 30 d\u00edas antes de tu llegada no hay gastos de cancelaci\u00f3n.<br \/> Si cancelas 30 d\u00edas o menos de tu fecha de llegada hay unos gastos de cancelaci\u00f3n del 30% del importe total de tu reserva.<br \/> Si cancelas 1 d\u00edas o menos de tu fecha de llegada hay unos gastos de cancelaci\u00f3n del 100% del importe total de tu reserva.<\/p>\n<h5>Tarifas no-reembolsables:<\/h5>\n<p>En el caso de que tengas que modificar o cancelar tu reserva, se aplicar\u00e1n unos gastos de cancelaci\u00f3n del 100% del importe de tu reserva.<\/p>\n<p>[\/et_pb_text][\/et_pb_column][\/et_pb_row][\/et_pb_section][et_pb_section fb_built=\u00bb1&#8243; fullwidth=\u00bbon\u00bb _builder_version=\u00bb4.16&#8243; global_colors_info=\u00bb{}\u00bb][et_pb_fullwidth_map address=\u00bbAv. de Papagayo, 30, 35580 Playa Blanca, Las Palmas, Spain\u00bb zoom_level=\u00bb17&#8243; address_lat=\u00bb28.86262&#8243; address_lng=\u00bb-13.813710000000015&#8243; mouse_wheel=\u00bboff\u00bb _builder_version=\u00bb4.16&#8243; saved_tabs=\u00bball\u00bb global_colors_info=\u00bb{}\u00bb][et_pb_map_pin title=\u00bbOffice\u00bb pin_address=\u00bbAv. de Papagayo, 30, 35580 Playa Blanca, Las Palmas, Spain\u00bb pin_address_lat=\u00bb28.86262&#8243; pin_address_lng=\u00bb-13.813710000000015&#8243; _builder_version=\u00bb3.0.47&#8243; global_colors_info=\u00bb{}\u00bb]<\/p>\n<h4 style=\"text-align: center;\"><strong><img loading=\"lazy\" decoding=\"async\" class=\"aligncenter size-thumbnail wp-image-302\" src=\"https:\/\/villasdelamarina.com\/wp-content\/uploads\/2016\/06\/cropped-vm_icon-150x150.png\" alt=\"cropped-vm_icon.png\" width=\"150\" height=\"150\" srcset=\"https:\/\/villasdelamarina.com\/wp-content\/uploads\/2016\/06\/cropped-vm_icon-150x150.png 150w, https:\/\/villasdelamarina.com\/wp-content\/uploads\/2016\/06\/cropped-vm_icon-300x300.png 300w, https:\/\/villasdelamarina.com\/wp-content\/uploads\/2016\/06\/cropped-vm_icon-270x270.png 270w, https:\/\/villasdelamarina.com\/wp-content\/uploads\/2016\/06\/cropped-vm_icon-192x192.png 192w, https:\/\/villasdelamarina.com\/wp-content\/uploads\/2016\/06\/cropped-vm_icon-180x180.png 180w, https:\/\/villasdelamarina.com\/wp-content\/uploads\/2016\/06\/cropped-vm_icon-32x32.png 32w, https:\/\/villasdelamarina.com\/wp-content\/uploads\/2016\/06\/cropped-vm_icon.png 512w\" sizes=\"(max-width: 150px) 100vw, 150px\" \/><span style=\"color: #79c3c5;\">Villas de la Marina<\/span><\/strong><\/h4>\n<h6 style=\"text-align: center;\"><span style=\"color: #79c3c5;\">LANZAROTE<\/span><\/h6>\n<p>[\/et_pb_map_pin][\/et_pb_fullwidth_map][\/et_pb_section]<\/p>\n","protected":false},"excerpt":{"rendered":"<p>T\u00e9rminos &amp; Condiciones \u00a0Precios Todos los precios son v\u00e1lidos a la hora de realizar la reserva. Los precios pueden variar dependiendo de la demanda y otros factores pero la tarifa en el momento de realizar la reserva siempre ser\u00e1 v\u00e1lida. Pago Tarifa Standard: Un dep\u00f3sito del 30% del importe total de tu reserva se requiere [&hellip;]<\/p>\n","protected":false},"author":2,"featured_media":0,"parent":0,"menu_order":0,"comment_status":"closed","ping_status":"closed","template":"","meta":{"_et_pb_use_builder":"on","_et_pb_old_content":"","_et_gb_content_width":"","_monsterinsights_skip_tracking":false,"_monsterinsights_sitenote_active":false,"_monsterinsights_sitenote_note":"","_monsterinsights_sitenote_category":0,"footnotes":""},"yoast_head":"<!-- This site is optimized with the Yoast SEO plugin v22.8 - https:\/\/yoast.com\/wordpress\/plugins\/seo\/ -->\n<title>villas de la marina terms and conditions and villa cancellation policy<\/title>\n<meta name=\"description\" content=\"villas de la marina terms and conditions and villa cancellation policy payment terms, prices deposits and other important information.\" \/>\n<meta name=\"robots\" content=\"index, follow, max-snippet:-1, max-image-preview:large, max-video-preview:-1\" \/>\n<link rel=\"canonical\" href=\"https:\/\/villasdelamarina.com\/es\/terminos-y-condiciones\/\" \/>\n<meta property=\"og:locale\" content=\"es_ES\" \/>\n<meta property=\"og:type\" content=\"article\" \/>\n<meta property=\"og:title\" content=\"villas de la marina terms and conditions and villa cancellation policy\" \/>\n<meta property=\"og:description\" content=\"villas de la marina terms and conditions and villa cancellation policy payment terms, prices deposits and other important information.\" \/>\n<meta property=\"og:url\" content=\"https:\/\/villasdelamarina.com\/es\/terminos-y-condiciones\/\" \/>\n<meta property=\"og:site_name\" content=\"Villas de la Marina\" \/>\n<meta property=\"article:modified_time\" content=\"2024-04-11T18:19:59+00:00\" \/>\n<meta property=\"og:image\" content=\"https:\/\/villasdelamarina.com\/wp-content\/uploads\/2016\/06\/cropped-vm_icon-150x150.png\" \/>\n<meta name=\"twitter:card\" content=\"summary_large_image\" \/>\n<meta name=\"twitter:label1\" content=\"Tiempo de lectura\" \/>\n\t<meta name=\"twitter:data1\" content=\"2 minutos\" \/>\n<script type=\"application\/ld+json\" class=\"yoast-schema-graph\">{\"@context\":\"https:\/\/schema.org\",\"@graph\":[{\"@type\":\"WebPage\",\"@id\":\"https:\/\/villasdelamarina.com\/es\/terminos-y-condiciones\/\",\"url\":\"https:\/\/villasdelamarina.com\/es\/terminos-y-condiciones\/\",\"name\":\"villas de la marina terms and conditions and villa cancellation policy\",\"isPartOf\":{\"@id\":\"https:\/\/villasdelamarina.com\/es\/#website\"},\"primaryImageOfPage\":{\"@id\":\"https:\/\/villasdelamarina.com\/es\/terminos-y-condiciones\/#primaryimage\"},\"image\":{\"@id\":\"https:\/\/villasdelamarina.com\/es\/terminos-y-condiciones\/#primaryimage\"},\"thumbnailUrl\":\"https:\/\/villasdelamarina.com\/wp-content\/uploads\/2016\/06\/cropped-vm_icon-150x150.png\",\"datePublished\":\"2016-11-08T17:29:17+00:00\",\"dateModified\":\"2024-04-11T18:19:59+00:00\",\"description\":\"villas de la marina terms and conditions and villa cancellation policy payment terms, prices deposits and other important information.\",\"breadcrumb\":{\"@id\":\"https:\/\/villasdelamarina.com\/es\/terminos-y-condiciones\/#breadcrumb\"},\"inLanguage\":\"es\",\"potentialAction\":[{\"@type\":\"ReadAction\",\"target\":[\"https:\/\/villasdelamarina.com\/es\/terminos-y-condiciones\/\"]}]},{\"@type\":\"ImageObject\",\"inLanguage\":\"es\",\"@id\":\"https:\/\/villasdelamarina.com\/es\/terminos-y-condiciones\/#primaryimage\",\"url\":\"https:\/\/villasdelamarina.com\/wp-content\/uploads\/2016\/06\/cropped-vm_icon-150x150.png\",\"contentUrl\":\"https:\/\/villasdelamarina.com\/wp-content\/uploads\/2016\/06\/cropped-vm_icon-150x150.png\"},{\"@type\":\"BreadcrumbList\",\"@id\":\"https:\/\/villasdelamarina.com\/es\/terminos-y-condiciones\/#breadcrumb\",\"itemListElement\":[{\"@type\":\"ListItem\",\"position\":1,\"name\":\"Home\",\"item\":\"https:\/\/villasdelamarina.com\/es\/\"},{\"@type\":\"ListItem\",\"position\":2,\"name\":\"T\u00e9rminos y condiciones\"}]},{\"@type\":\"WebSite\",\"@id\":\"https:\/\/villasdelamarina.com\/es\/#website\",\"url\":\"https:\/\/villasdelamarina.com\/es\/\",\"name\":\"Villas de la Marina\",\"description\":\"Luxury Lanzarote villas with private pool minutes from the sea\",\"potentialAction\":[{\"@type\":\"SearchAction\",\"target\":{\"@type\":\"EntryPoint\",\"urlTemplate\":\"https:\/\/villasdelamarina.com\/es\/?s={search_term_string}\"},\"query-input\":\"required name=search_term_string\"}],\"inLanguage\":\"es\"}]}<\/script>\n<!-- \/ Yoast SEO plugin. -->","yoast_head_json":{"title":"villas de la marina terms and conditions and villa cancellation policy","description":"villas de la marina terms and conditions and villa cancellation policy payment terms, prices deposits and other important information.","robots":{"index":"index","follow":"follow","max-snippet":"max-snippet:-1","max-image-preview":"max-image-preview:large","max-video-preview":"max-video-preview:-1"},"canonical":"https:\/\/villasdelamarina.com\/es\/terminos-y-condiciones\/","og_locale":"es_ES","og_type":"article","og_title":"villas de la marina terms and conditions and villa cancellation policy","og_description":"villas de la marina terms and conditions and villa cancellation policy payment terms, prices deposits and other important information.","og_url":"https:\/\/villasdelamarina.com\/es\/terminos-y-condiciones\/","og_site_name":"Villas de la Marina","article_modified_time":"2024-04-11T18:19:59+00:00","og_image":[{"url":"https:\/\/villasdelamarina.com\/wp-content\/uploads\/2016\/06\/cropped-vm_icon-150x150.png"}],"twitter_card":"summary_large_image","twitter_misc":{"Tiempo de lectura":"2 minutos"},"schema":{"@context":"https:\/\/schema.org","@graph":[{"@type":"WebPage","@id":"https:\/\/villasdelamarina.com\/es\/terminos-y-condiciones\/","url":"https:\/\/villasdelamarina.com\/es\/terminos-y-condiciones\/","name":"villas de la marina terms and conditions and villa cancellation policy","isPartOf":{"@id":"https:\/\/villasdelamarina.com\/es\/#website"},"primaryImageOfPage":{"@id":"https:\/\/villasdelamarina.com\/es\/terminos-y-condiciones\/#primaryimage"},"image":{"@id":"https:\/\/villasdelamarina.com\/es\/terminos-y-condiciones\/#primaryimage"},"thumbnailUrl":"https:\/\/villasdelamarina.com\/wp-content\/uploads\/2016\/06\/cropped-vm_icon-150x150.png","datePublished":"2016-11-08T17:29:17+00:00","dateModified":"2024-04-11T18:19:59+00:00","description":"villas de la marina terms and conditions and villa cancellation policy payment terms, prices deposits and other important information.","breadcrumb":{"@id":"https:\/\/villasdelamarina.com\/es\/terminos-y-condiciones\/#breadcrumb"},"inLanguage":"es","potentialAction":[{"@type":"ReadAction","target":["https:\/\/villasdelamarina.com\/es\/terminos-y-condiciones\/"]}]},{"@type":"ImageObject","inLanguage":"es","@id":"https:\/\/villasdelamarina.com\/es\/terminos-y-condiciones\/#primaryimage","url":"https:\/\/villasdelamarina.com\/wp-content\/uploads\/2016\/06\/cropped-vm_icon-150x150.png","contentUrl":"https:\/\/villasdelamarina.com\/wp-content\/uploads\/2016\/06\/cropped-vm_icon-150x150.png"},{"@type":"BreadcrumbList","@id":"https:\/\/villasdelamarina.com\/es\/terminos-y-condiciones\/#breadcrumb","itemListElement":[{"@type":"ListItem","position":1,"name":"Home","item":"https:\/\/villasdelamarina.com\/es\/"},{"@type":"ListItem","position":2,"name":"T\u00e9rminos y condiciones"}]},{"@type":"WebSite","@id":"https:\/\/villasdelamarina.com\/es\/#website","url":"https:\/\/villasdelamarina.com\/es\/","name":"Villas de la Marina","description":"Luxury Lanzarote villas with private pool minutes from the sea","potentialAction":[{"@type":"SearchAction","target":{"@type":"EntryPoint","urlTemplate":"https:\/\/villasdelamarina.com\/es\/?s={search_term_string}"},"query-input":"required name=search_term_string"}],"inLanguage":"es"}]}},"amp_enabled":true,"_links":{"self":[{"href":"https:\/\/villasdelamarina.com\/es\/wp-json\/wp\/v2\/pages\/25994"}],"collection":[{"href":"https:\/\/villasdelamarina.com\/es\/wp-json\/wp\/v2\/pages"}],"about":[{"href":"https:\/\/villasdelamarina.com\/es\/wp-json\/wp\/v2\/types\/page"}],"author":[{"embeddable":true,"href":"https:\/\/villasdelamarina.com\/es\/wp-json\/wp\/v2\/users\/2"}],"replies":[{"embeddable":true,"href":"https:\/\/villasdelamarina.com\/es\/wp-json\/wp\/v2\/comments?post=25994"}],"version-history":[{"count":6,"href":"https:\/\/villasdelamarina.com\/es\/wp-json\/wp\/v2\/pages\/25994\/revisions"}],"predecessor-version":[{"id":26438,"href":"https:\/\/villasdelamarina.com\/es\/wp-json\/wp\/v2\/pages\/25994\/revisions\/26438"}],"wp:attachment":[{"href":"https:\/\/villasdelamarina.com\/es\/wp-json\/wp\/v2\/media?parent=25994"}],"curies":[{"name":"wp","href":"https:\/\/api.w.org\/{rel}","templated":true}]}}